{"id":1618,"date":"2025-06-03T14:16:39","date_gmt":"2025-06-03T14:16:39","guid":{"rendered":"https:\/\/baralpmottarone.it\/privacy-policy\/"},"modified":"2025-07-16T06:59:55","modified_gmt":"2025-07-16T06:59:55","slug":"privacy-policy","status":"publish","type":"page","link":"https:\/\/baralpmottarone.it\/fr\/privacy-policy\/","title":{"rendered":"Politique de confidentialit\u00e9"},"content":{"rendered":"\t\t<div data-elementor-type=\"wp-page\" data-elementor-id=\"1618\" class=\"elementor elementor-1618 elementor-3\" data-elementor-post-type=\"page\">\n\t\t\t\t<div class=\"elementor-element elementor-element-d7e1778 e-con-full e-flex e-con e-parent\" data-id=\"d7e1778\" data-element_type=\"container\" data-settings=\"{&quot;background_background&quot;:&quot;classic&quot;}\">\n\t\t\t\t<\/div>\n\t\t<div class=\"elementor-element elementor-element-70d20b34 e-flex e-con-boxed e-con e-parent\" data-id=\"70d20b34\" data-element_type=\"container\">\n\t\t\t\t\t<div class=\"e-con-inner\">\n\t\t\t\t<div class=\"elementor-element elementor-element-3c93bfff elementor-widget elementor-widget-text-editor\" data-id=\"3c93bfff\" data-element_type=\"widget\" data-widget_type=\"text-editor.default\">\n\t\t\t\t\t\t\t\t\t\n<p data-start=\"352\" data-end=\"384\"><strong>Derni\u00e8re mise \u00e0 jour : 15\/07\/2025<\/strong><\/p>\n<p data-start=\"386\" data-end=\"599\">Ces informations sont fournies conform\u00e9ment \u00e0 l&#8217;article 13 du r\u00e8glement (UE) 2016\/679 (GDPR) et concernent le traitement des donn\u00e9es \u00e0 caract\u00e8re personnel des utilisateurs qui visitent et utilisent le site web. <strong data-start=\"572\" data-end=\"598\"><a class=\"\" href=\"http:\/\/www.baralpmottarone.it\" target=\"_new\" rel=\"noopener\" data-start=\"574\" data-end=\"596\">www.baralpmottarone.it<\/a><\/strong>. <\/p>\n<h3 data-start=\"601\" data-end=\"629\">Responsable du traitement des donn\u00e9es<\/h3>\n<p data-start=\"631\" data-end=\"838\">Le contr\u00f4leur des donn\u00e9es est :<br data-start=\"661\" data-end=\"664\"> S4<strong data-start=\"664\" data-end=\"674\">Srl<\/strong><br data-start=\"674\" data-end=\"677\">Si\u00e8ge social : Via due Riviere 24C, 28011 Armeno (NO) &#8211; Italie<br data-start=\"737\" data-end=\"740\">Num\u00e9ro de TVA : 01782530032<br data-start=\"758\" data-end=\"761\">Courriel : [ins\u00e9rer l&#8217;adresse \u00e9lectronique du contact]<br data-start=\"796\" data-end=\"799\">T\u00e9l\u00e9phone : [ins\u00e9rer le num\u00e9ro de t\u00e9l\u00e9phone].<\/p>\n<hr data-start=\"840\" data-end=\"843\">\n<h3 data-start=\"845\" data-end=\"875\">Types de donn\u00e9es collect\u00e9es<\/h3>\n<p data-start=\"877\" data-end=\"951\">Lorsque vous naviguez sur le site, les donn\u00e9es suivantes peuvent \u00eatre collect\u00e9es :<\/p>\n<ul data-start=\"953\" data-end=\"1328\">\n<li data-start=\"953\" data-end=\"1075\">\n<p data-start=\"955\" data-end=\"1075\"><strong data-start=\"955\" data-end=\"978\">Donn\u00e9es de navigation<\/strong>: adresses IP, type de navigateur, temps d&#8217;acc\u00e8s, pages visit\u00e9es, syst\u00e8me d&#8217;exploitation utilis\u00e9.<\/p>\n<\/li>\n<li data-start=\"1076\" data-end=\"1230\">\n<p data-start=\"1078\" data-end=\"1230\"><strong data-start=\"1078\" data-end=\"1122\">Donn\u00e9es fournies volontairement par l&#8217;utilisateur<\/strong>: nom, adresse \u00e9lectronique, num\u00e9ro de t\u00e9l\u00e9phone et toute autre information envoy\u00e9e par le biais de formulaires de contact ou par courrier \u00e9lectronique.<\/p>\n<\/li>\n<li data-start=\"1231\" data-end=\"1328\">\n<p data-start=\"1233\" data-end=\"1328\"><strong data-start=\"1233\" data-end=\"1272\">Cookies et technologies de suivi<\/strong>: voir [Politique en mati\u00e8re de cookies] pour plus de d\u00e9tails.<\/p>\n<\/li>\n<\/ul>\n<hr data-start=\"1330\" data-end=\"1333\">\n<h3 data-start=\"1335\" data-end=\"1363\">Finalit\u00e9 du traitement<\/h3>\n<p data-start=\"1365\" data-end=\"1411\">Les donn\u00e9es sont trait\u00e9es aux fins suivantes :<\/p>\n<ol data-start=\"1413\" data-end=\"1683\">\n<li data-start=\"1413\" data-end=\"1464\">\n<p data-start=\"1416\" data-end=\"1464\">Fournir et am\u00e9liorer les services offerts par le site.<\/p>\n<\/li>\n<li data-start=\"1465\" data-end=\"1519\">\n<p data-start=\"1468\" data-end=\"1519\">G\u00e9rer les demandes envoy\u00e9es via les formulaires de contact.<\/p>\n<\/li>\n<li data-start=\"1520\" data-end=\"1577\">\n<p data-start=\"1523\" data-end=\"1577\">Assurer le bon fonctionnement technique du site.<\/p>\n<\/li>\n<li data-start=\"1578\" data-end=\"1619\">\n<p data-start=\"1581\" data-end=\"1619\">Remplir les obligations l\u00e9gales et fiscales.<\/p>\n<\/li>\n<li data-start=\"1620\" data-end=\"1683\">\n<p data-start=\"1623\" data-end=\"1683\">Tout objectif de marketing uniquement avec un consentement explicite.<\/p>\n<\/li>\n<\/ol>\n<hr data-start=\"1685\" data-end=\"1688\">\n<h3 data-start=\"1690\" data-end=\"1724\">Base juridique du traitement<\/h3>\n<p data-start=\"1726\" data-end=\"1761\">Le traitement des donn\u00e9es est bas\u00e9 sur :<\/p>\n<ul data-start=\"1763\" data-end=\"2049\">\n<li data-start=\"1763\" data-end=\"1824\">\n<p data-start=\"1765\" data-end=\"1824\">le consentement de la personne concern\u00e9e (article 6, paragraphe 1, point a), du RGPD)<\/p>\n<\/li>\n<li data-start=\"1825\" data-end=\"1914\">\n<p data-start=\"1827\" data-end=\"1914\">l&#8217;ex\u00e9cution d&#8217;un contrat ou de mesures pr\u00e9contractuelles (article 6, paragraphe 1, point b), du RGPD)<\/p>\n<\/li>\n<li data-start=\"1915\" data-end=\"1980\">\n<p data-start=\"1917\" data-end=\"1980\">le respect des obligations l\u00e9gales (article 6, paragraphe 1, point c), du RGPD)<\/p>\n<\/li>\n<li data-start=\"1981\" data-end=\"2049\">\n<p data-start=\"1983\" data-end=\"2049\">l&#8217;int\u00e9r\u00eat l\u00e9gitime du titulaire (article 6, paragraphe 1, point f), du RGPD)<\/p>\n<\/li>\n<\/ul>\n<hr data-start=\"2051\" data-end=\"2054\">\n<h3 data-start=\"2056\" data-end=\"2083\">Modes de traitement<\/h3>\n<p data-start=\"2085\" data-end=\"2369\">Les donn\u00e9es seront trait\u00e9es par des moyens informatiques et\/ou manuels, dans le respect des principes de l\u00e9galit\u00e9, d&#8217;exactitude, de transparence, de pertinence et de minimisation. Des mesures de s\u00e9curit\u00e9 appropri\u00e9es sont prises pour emp\u00eacher l&#8217;acc\u00e8s non autoris\u00e9, la divulgation, la modification ou la destruction des donn\u00e9es. <\/p>\n<hr data-start=\"2371\" data-end=\"2374\">\n<h3 data-start=\"2376\" data-end=\"2400\">Destinataires des donn\u00e9es<\/h3>\n<p data-start=\"2402\" data-end=\"2438\">Les donn\u00e9es peuvent \u00eatre communiqu\u00e9es \u00e0 :<\/p>\n<ul data-start=\"2440\" data-end=\"2651\">\n<li data-start=\"2440\" data-end=\"2480\">\n<p data-start=\"2442\" data-end=\"2480\">Collaborateurs et employ\u00e9s autoris\u00e9s<\/p>\n<\/li>\n<li data-start=\"2481\" data-end=\"2542\">\n<p data-start=\"2483\" data-end=\"2542\">Fournisseurs de services techniques (par exemple, h\u00e9bergement, maintenance informatique)<\/p>\n<\/li>\n<li data-start=\"2543\" data-end=\"2575\">\n<p data-start=\"2545\" data-end=\"2575\">Consultants en comptabilit\u00e9 et en fiscalit\u00e9<\/p>\n<\/li>\n<li data-start=\"2576\" data-end=\"2651\">\n<p data-start=\"2578\" data-end=\"2651\">les autorit\u00e9s judiciaires ou administratives, dans le cadre de l&#8217;ex\u00e9cution d&#8217;obligations l\u00e9gales<\/p>\n<\/li>\n<\/ul>\n<hr data-start=\"2653\" data-end=\"2656\">\n<h3 data-start=\"2658\" data-end=\"2684\">Conservation des donn\u00e9es<\/h3>\n<p data-start=\"2686\" data-end=\"2912\">Les donn\u00e9es seront conserv\u00e9es aussi longtemps que n\u00e9cessaire pour atteindre les objectifs susmentionn\u00e9s ou aussi longtemps que la loi l&#8217;exige. Les donn\u00e9es fournies \u00e0 des fins de marketing seront conserv\u00e9es jusqu&#8217;\u00e0 ce que le consentement soit r\u00e9voqu\u00e9. <\/p>\n<hr data-start=\"2914\" data-end=\"2917\">\n<h3 data-start=\"2919\" data-end=\"2947\">Droits de la personne concern\u00e9e<\/h3>\n<p data-start=\"2949\" data-end=\"2980\">La personne concern\u00e9e a le droit<\/p>\n<ul data-start=\"2982\" data-end=\"3254\">\n<li data-start=\"2982\" data-end=\"3017\">\n<p data-start=\"2984\" data-end=\"3017\">Acc\u00e8s \u00e0 vos donn\u00e9es personnelles<\/p>\n<\/li>\n<li data-start=\"3018\" data-end=\"3060\">\n<p data-start=\"3020\" data-end=\"3060\">Demande de rectification ou d&#8217;annulation<\/p>\n<\/li>\n<li data-start=\"3061\" data-end=\"3096\">\n<p data-start=\"3063\" data-end=\"3096\">Limiter ou s&#8217;opposer au traitement<\/p>\n<\/li>\n<li data-start=\"3097\" data-end=\"3133\">\n<p data-start=\"3099\" data-end=\"3133\">Demander la portabilit\u00e9 des donn\u00e9es<\/p>\n<\/li>\n<li data-start=\"3134\" data-end=\"3177\">\n<p data-start=\"3136\" data-end=\"3177\">Retirer son consentement \u00e0 tout moment<\/p>\n<\/li>\n<li data-start=\"3178\" data-end=\"3254\">\n<p data-start=\"3180\" data-end=\"3254\">D\u00e9poser une plainte aupr\u00e8s de l&#8217;Autorit\u00e9 de protection des donn\u00e9es<\/p>\n<\/li>\n<\/ul>\n<p data-start=\"3256\" data-end=\"3332\">Les demandes doivent \u00eatre adress\u00e9es au contr\u00f4leur \u00e0 l&#8217;adresse suivante [ins\u00e9rer l&#8217;adresse \u00e9lectronique].<\/p>\n<hr data-start=\"3334\" data-end=\"3337\">\n<h3 data-start=\"3339\" data-end=\"3374\">Transfert de donn\u00e9es en dehors de l&#8217;UE<\/h3>\n<p data-start=\"3376\" data-end=\"3559\">Les donn\u00e9es ne sont pas transf\u00e9r\u00e9es en dehors de l&#8217;Espace \u00e9conomique europ\u00e9en. Si n\u00e9cessaire, des garanties appropri\u00e9es seront prises conform\u00e9ment aux articles 44 et suivants du GDPR. <\/p>\n<hr data-start=\"3561\" data-end=\"3564\">\n<h3 data-start=\"3566\" data-end=\"3576\">Cookies<\/h3>\n<p data-start=\"3578\" data-end=\"3735\">Ce site utilise des cookies techniques et, sous r\u00e9serve de votre consentement, des cookies de tiers \u00e0 des fins d&#8217;analyse et de marketing. Voir [Politique en mati\u00e8re de cookies] pour plus d&#8217;informations. <\/p>\n<hr data-start=\"3737\" data-end=\"3740\">\n<h3 data-start=\"3742\" data-end=\"3781\">Modifications du pr\u00e9sent avis<\/h3>\n<p data-start=\"3783\" data-end=\"3966\">Le propri\u00e9taire se r\u00e9serve le droit de modifier cette politique \u00e0 tout moment. Les modifications seront publi\u00e9es sur cette page et, le cas \u00e9ch\u00e9ant, notifi\u00e9es aux utilisateurs. <\/p>\t\t\t\t\t\t\t\t<\/div>\n\t\t\t\t\t<\/div>\n\t\t\t\t<\/div>\n\t\t\t\t<\/div>\n\t\t","protected":false},"excerpt":{"rendered":"<p>Derni\u00e8re mise \u00e0 jour : 15\/07\/2025 Ces informations sont fournies conform\u00e9ment \u00e0 l&#8217;article 13 du r\u00e8glement (UE) 2016\/679 (GDPR) et concernent le traitement des donn\u00e9es \u00e0 caract\u00e8re personnel des utilisateurs qui visitent et utilisent le site web. www.baralpmottarone.it. Responsable du traitement des donn\u00e9es Le contr\u00f4leur des donn\u00e9es est : S4SrlSi\u00e8ge social : Via due Riviere [&hellip;]<\/p>\n","protected":false},"author":1,"featured_media":0,"parent":0,"menu_order":0,"comment_status":"closed","ping_status":"closed","template":"","meta":{"footnotes":""},"class_list":["post-1618","page","type-page","status-publish","hentry"],"yoast_head":"<!-- This site is optimized with the Yoast SEO plugin v26.7 - https:\/\/yoast.com\/wordpress\/plugins\/seo\/ -->\n<title>Politique de confidentialit\u00e9 - baralpmottarone.it<\/title>\n<meta name=\"robots\" content=\"index, follow, max-snippet:-1, max-image-preview:large, max-video-preview:-1\" \/>\n<link rel=\"canonical\" href=\"https:\/\/baralpmottarone.it\/fr\/privacy-policy\/\" \/>\n<meta property=\"og:locale\" content=\"fr_FR\" \/>\n<meta property=\"og:type\" content=\"article\" \/>\n<meta property=\"og:title\" content=\"Politique de confidentialit\u00e9 - baralpmottarone.it\" \/>\n<meta property=\"og:description\" content=\"Derni\u00e8re mise \u00e0 jour : 15\/07\/2025 Ces informations sont fournies conform\u00e9ment \u00e0 l&#8217;article 13 du r\u00e8glement (UE) 2016\/679 (GDPR) et concernent le traitement des donn\u00e9es \u00e0 caract\u00e8re personnel des utilisateurs qui visitent et utilisent le site web. www.baralpmottarone.it. Responsable du traitement des donn\u00e9es Le contr\u00f4leur des donn\u00e9es est : S4SrlSi\u00e8ge social : Via due Riviere [&hellip;]\" \/>\n<meta property=\"og:url\" content=\"https:\/\/baralpmottarone.it\/fr\/privacy-policy\/\" \/>\n<meta property=\"og:site_name\" content=\"baralpmottarone.it\" \/>\n<meta property=\"article:modified_time\" content=\"2025-07-16T06:59:55+00:00\" \/>\n<meta name=\"twitter:card\" content=\"summary_large_image\" \/>\n<meta name=\"twitter:label1\" content=\"Dur\u00e9e de lecture estim\u00e9e\" \/>\n\t<meta name=\"twitter:data1\" content=\"3 minutes\" \/>\n<script type=\"application\/ld+json\" class=\"yoast-schema-graph\">{\"@context\":\"https:\/\/schema.org\",\"@graph\":[{\"@type\":\"WebPage\",\"@id\":\"https:\/\/baralpmottarone.it\/fr\/privacy-policy\/\",\"url\":\"https:\/\/baralpmottarone.it\/fr\/privacy-policy\/\",\"name\":\"Politique de confidentialit\u00e9 - baralpmottarone.it\",\"isPartOf\":{\"@id\":\"https:\/\/baralpmottarone.it\/#website\"},\"datePublished\":\"2025-06-03T14:16:39+00:00\",\"dateModified\":\"2025-07-16T06:59:55+00:00\",\"breadcrumb\":{\"@id\":\"https:\/\/baralpmottarone.it\/fr\/privacy-policy\/#breadcrumb\"},\"inLanguage\":\"fr-FR\",\"potentialAction\":[{\"@type\":\"ReadAction\",\"target\":[\"https:\/\/baralpmottarone.it\/fr\/privacy-policy\/\"]}]},{\"@type\":\"BreadcrumbList\",\"@id\":\"https:\/\/baralpmottarone.it\/fr\/privacy-policy\/#breadcrumb\",\"itemListElement\":[{\"@type\":\"ListItem\",\"position\":1,\"name\":\"Home\",\"item\":\"https:\/\/baralpmottarone.it\/\"},{\"@type\":\"ListItem\",\"position\":2,\"name\":\"Politique de confidentialit\u00e9\"}]},{\"@type\":\"WebSite\",\"@id\":\"https:\/\/baralpmottarone.it\/#website\",\"url\":\"https:\/\/baralpmottarone.it\/\",\"name\":\"baralpmottarone.it\",\"description\":\"Semplice, Rustico, familiare\",\"publisher\":{\"@id\":\"https:\/\/baralpmottarone.it\/#organization\"},\"potentialAction\":[{\"@type\":\"SearchAction\",\"target\":{\"@type\":\"EntryPoint\",\"urlTemplate\":\"https:\/\/baralpmottarone.it\/?s={search_term_string}\"},\"query-input\":{\"@type\":\"PropertyValueSpecification\",\"valueRequired\":true,\"valueName\":\"search_term_string\"}}],\"inLanguage\":\"fr-FR\"},{\"@type\":\"Organization\",\"@id\":\"https:\/\/baralpmottarone.it\/#organization\",\"name\":\"baralpmottarone.it\",\"url\":\"https:\/\/baralpmottarone.it\/\",\"logo\":{\"@type\":\"ImageObject\",\"inLanguage\":\"fr-FR\",\"@id\":\"https:\/\/baralpmottarone.it\/#\/schema\/logo\/image\/\",\"url\":\"https:\/\/baralpmottarone.it\/wp-content\/uploads\/2025\/06\/Risorsa-1-2.svg\",\"contentUrl\":\"https:\/\/baralpmottarone.it\/wp-content\/uploads\/2025\/06\/Risorsa-1-2.svg\",\"width\":200,\"height\":167,\"caption\":\"baralpmottarone.it\"},\"image\":{\"@id\":\"https:\/\/baralpmottarone.it\/#\/schema\/logo\/image\/\"}}]}<\/script>\n<!-- \/ Yoast SEO plugin. -->","yoast_head_json":{"title":"Politique de confidentialit\u00e9 - baralpmottarone.it","robots":{"index":"index","follow":"follow","max-snippet":"max-snippet:-1","max-image-preview":"max-image-preview:large","max-video-preview":"max-video-preview:-1"},"canonical":"https:\/\/baralpmottarone.it\/fr\/privacy-policy\/","og_locale":"fr_FR","og_type":"article","og_title":"Politique de confidentialit\u00e9 - baralpmottarone.it","og_description":"Derni\u00e8re mise \u00e0 jour : 15\/07\/2025 Ces informations sont fournies conform\u00e9ment \u00e0 l&#8217;article 13 du r\u00e8glement (UE) 2016\/679 (GDPR) et concernent le traitement des donn\u00e9es \u00e0 caract\u00e8re personnel des utilisateurs qui visitent et utilisent le site web. www.baralpmottarone.it. Responsable du traitement des donn\u00e9es Le contr\u00f4leur des donn\u00e9es est : S4SrlSi\u00e8ge social : Via due Riviere [&hellip;]","og_url":"https:\/\/baralpmottarone.it\/fr\/privacy-policy\/","og_site_name":"baralpmottarone.it","article_modified_time":"2025-07-16T06:59:55+00:00","twitter_card":"summary_large_image","twitter_misc":{"Dur\u00e9e de lecture estim\u00e9e":"3 minutes"},"schema":{"@context":"https:\/\/schema.org","@graph":[{"@type":"WebPage","@id":"https:\/\/baralpmottarone.it\/fr\/privacy-policy\/","url":"https:\/\/baralpmottarone.it\/fr\/privacy-policy\/","name":"Politique de confidentialit\u00e9 - baralpmottarone.it","isPartOf":{"@id":"https:\/\/baralpmottarone.it\/#website"},"datePublished":"2025-06-03T14:16:39+00:00","dateModified":"2025-07-16T06:59:55+00:00","breadcrumb":{"@id":"https:\/\/baralpmottarone.it\/fr\/privacy-policy\/#breadcrumb"},"inLanguage":"fr-FR","potentialAction":[{"@type":"ReadAction","target":["https:\/\/baralpmottarone.it\/fr\/privacy-policy\/"]}]},{"@type":"BreadcrumbList","@id":"https:\/\/baralpmottarone.it\/fr\/privacy-policy\/#breadcrumb","itemListElement":[{"@type":"ListItem","position":1,"name":"Home","item":"https:\/\/baralpmottarone.it\/"},{"@type":"ListItem","position":2,"name":"Politique de confidentialit\u00e9"}]},{"@type":"WebSite","@id":"https:\/\/baralpmottarone.it\/#website","url":"https:\/\/baralpmottarone.it\/","name":"baralpmottarone.it","description":"Semplice, Rustico, familiare","publisher":{"@id":"https:\/\/baralpmottarone.it\/#organization"},"potentialAction":[{"@type":"SearchAction","target":{"@type":"EntryPoint","urlTemplate":"https:\/\/baralpmottarone.it\/?s={search_term_string}"},"query-input":{"@type":"PropertyValueSpecification","valueRequired":true,"valueName":"search_term_string"}}],"inLanguage":"fr-FR"},{"@type":"Organization","@id":"https:\/\/baralpmottarone.it\/#organization","name":"baralpmottarone.it","url":"https:\/\/baralpmottarone.it\/","logo":{"@type":"ImageObject","inLanguage":"fr-FR","@id":"https:\/\/baralpmottarone.it\/#\/schema\/logo\/image\/","url":"https:\/\/baralpmottarone.it\/wp-content\/uploads\/2025\/06\/Risorsa-1-2.svg","contentUrl":"https:\/\/baralpmottarone.it\/wp-content\/uploads\/2025\/06\/Risorsa-1-2.svg","width":200,"height":167,"caption":"baralpmottarone.it"},"image":{"@id":"https:\/\/baralpmottarone.it\/#\/schema\/logo\/image\/"}}]}},"_links":{"self":[{"href":"https:\/\/baralpmottarone.it\/fr\/wp-json\/wp\/v2\/pages\/1618","targetHints":{"allow":["GET"]}}],"collection":[{"href":"https:\/\/baralpmottarone.it\/fr\/wp-json\/wp\/v2\/pages"}],"about":[{"href":"https:\/\/baralpmottarone.it\/fr\/wp-json\/wp\/v2\/types\/page"}],"author":[{"embeddable":true,"href":"https:\/\/baralpmottarone.it\/fr\/wp-json\/wp\/v2\/users\/1"}],"replies":[{"embeddable":true,"href":"https:\/\/baralpmottarone.it\/fr\/wp-json\/wp\/v2\/comments?post=1618"}],"version-history":[{"count":2,"href":"https:\/\/baralpmottarone.it\/fr\/wp-json\/wp\/v2\/pages\/1618\/revisions"}],"predecessor-version":[{"id":1623,"href":"https:\/\/baralpmottarone.it\/fr\/wp-json\/wp\/v2\/pages\/1618\/revisions\/1623"}],"wp:attachment":[{"href":"https:\/\/baralpmottarone.it\/fr\/wp-json\/wp\/v2\/media?parent=1618"}],"curies":[{"name":"wp","href":"https:\/\/api.w.org\/{rel}","templated":true}]}}