{"id":1619,"date":"2025-06-03T14:16:39","date_gmt":"2025-06-03T14:16:39","guid":{"rendered":"https:\/\/baralpmottarone.it\/privacy-policy\/"},"modified":"2025-07-16T06:59:55","modified_gmt":"2025-07-16T06:59:55","slug":"privacy-policy","status":"publish","type":"page","link":"https:\/\/baralpmottarone.it\/de\/privacy-policy\/","title":{"rendered":"Datenschutzbestimmungen"},"content":{"rendered":"\t\t<div data-elementor-type=\"wp-page\" data-elementor-id=\"1619\" class=\"elementor elementor-1619 elementor-3\" data-elementor-post-type=\"page\">\n\t\t\t\t<div class=\"elementor-element elementor-element-d7e1778 e-con-full e-flex e-con e-parent\" data-id=\"d7e1778\" data-element_type=\"container\" data-settings=\"{&quot;background_background&quot;:&quot;classic&quot;}\">\n\t\t\t\t<\/div>\n\t\t<div class=\"elementor-element elementor-element-70d20b34 e-flex e-con-boxed e-con e-parent\" data-id=\"70d20b34\" data-element_type=\"container\">\n\t\t\t\t\t<div class=\"e-con-inner\">\n\t\t\t\t<div class=\"elementor-element elementor-element-3c93bfff elementor-widget elementor-widget-text-editor\" data-id=\"3c93bfff\" data-element_type=\"widget\" data-widget_type=\"text-editor.default\">\n\t\t\t\t\t\t\t\t\t\n<p data-start=\"352\" data-end=\"384\"><strong>Zuletzt aktualisiert: 15\/07\/2025<\/strong><\/p>\n<p data-start=\"386\" data-end=\"599\">Diese Informationen werden gem\u00e4\u00df Artikel 13 der Verordnung (EU) 2016\/679 (GDPR) bereitgestellt und betreffen die Verarbeitung personenbezogener Daten von Nutzern, die die Website besuchen und nutzen <strong data-start=\"572\" data-end=\"598\"><a class=\"\" href=\"http:\/\/www.baralpmottarone.it\" target=\"_new\" rel=\"noopener\" data-start=\"574\" data-end=\"596\">www.baralpmottarone.it<\/a><\/strong>. <\/p>\n<h3 data-start=\"601\" data-end=\"629\">Datenkontrolleur<\/h3>\n<p data-start=\"631\" data-end=\"838\">Der f\u00fcr die Datenverarbeitung Verantwortliche ist:<br data-start=\"661\" data-end=\"664\"> S4<strong data-start=\"664\" data-end=\"674\">Srl<\/strong><br data-start=\"674\" data-end=\"677\">Firmensitz: Via due Riviere 24C, 28011 Armeno (NO) &#8211; Italien<br data-start=\"737\" data-end=\"740\">Umsatzsteuer-Identifikationsnummer: 01782530032<br data-start=\"758\" data-end=\"761\">E-Mail: [Kontakt-E-Mail einf\u00fcgen]<br data-start=\"796\" data-end=\"799\">Telefon: [Telefonnummer einf\u00fcgen].<\/p>\n<hr data-start=\"840\" data-end=\"843\">\n<h3 data-start=\"845\" data-end=\"875\">Arten von gesammelten Daten<\/h3>\n<p data-start=\"877\" data-end=\"951\">Beim Surfen auf der Website k\u00f6nnen die folgenden Daten erfasst werden:<\/p>\n<ul data-start=\"953\" data-end=\"1328\">\n<li data-start=\"953\" data-end=\"1075\">\n<p data-start=\"955\" data-end=\"1075\"><strong data-start=\"955\" data-end=\"978\">Browsing-Daten<\/strong>: IP-Adressen, Browser-Typ, Zugriffszeiten, besuchte Seiten, verwendetes Betriebssystem.<\/p>\n<\/li>\n<li data-start=\"1076\" data-end=\"1230\">\n<p data-start=\"1078\" data-end=\"1230\"><strong data-start=\"1078\" data-end=\"1122\">Daten, die der Benutzer freiwillig angibt<\/strong>: Name, E-Mail, Telefonnummer und alle anderen Informationen, die \u00fcber Kontaktformulare oder E-Mails \u00fcbermittelt werden.<\/p>\n<\/li>\n<li data-start=\"1231\" data-end=\"1328\">\n<p data-start=\"1233\" data-end=\"1328\"><strong data-start=\"1233\" data-end=\"1272\">Cookies und Tracking-Technologien<\/strong>: siehe [Cookie-Richtlinie] f\u00fcr weitere Einzelheiten.<\/p>\n<\/li>\n<\/ul>\n<hr data-start=\"1330\" data-end=\"1333\">\n<h3 data-start=\"1335\" data-end=\"1363\">Zweck der Verarbeitung<\/h3>\n<p data-start=\"1365\" data-end=\"1411\">Die Daten werden zu den folgenden Zwecken verarbeitet:<\/p>\n<ol data-start=\"1413\" data-end=\"1683\">\n<li data-start=\"1413\" data-end=\"1464\">\n<p data-start=\"1416\" data-end=\"1464\">Bereitstellung und Verbesserung der auf der Website angebotenen Dienste.<\/p>\n<\/li>\n<li data-start=\"1465\" data-end=\"1519\">\n<p data-start=\"1468\" data-end=\"1519\">Verwalten Sie \u00fcber Kontaktformulare gesendete Anfragen.<\/p>\n<\/li>\n<li data-start=\"1520\" data-end=\"1577\">\n<p data-start=\"1523\" data-end=\"1577\">Sicherstellung des ordnungsgem\u00e4\u00dfen technischen Funktionierens der Website.<\/p>\n<\/li>\n<li data-start=\"1578\" data-end=\"1619\">\n<p data-start=\"1581\" data-end=\"1619\">Erf\u00fcllung rechtlicher und steuerlicher Verpflichtungen.<\/p>\n<\/li>\n<li data-start=\"1620\" data-end=\"1683\">\n<p data-start=\"1623\" data-end=\"1683\">Jegliche Marketingzwecke nur mit ausdr\u00fccklicher Zustimmung.<\/p>\n<\/li>\n<\/ol>\n<hr data-start=\"1685\" data-end=\"1688\">\n<h3 data-start=\"1690\" data-end=\"1724\">Rechtsgrundlage f\u00fcr die Verarbeitung<\/h3>\n<p data-start=\"1726\" data-end=\"1761\">Die Datenverarbeitung basiert auf:<\/p>\n<ul data-start=\"1763\" data-end=\"2049\">\n<li data-start=\"1763\" data-end=\"1824\">\n<p data-start=\"1765\" data-end=\"1824\">Die Einwilligung der betroffenen Person (Art. 6(1)(a) GDPR)<\/p>\n<\/li>\n<li data-start=\"1825\" data-end=\"1914\">\n<p data-start=\"1827\" data-end=\"1914\">Die Erf\u00fcllung eines Vertrags oder vorvertraglicher Ma\u00dfnahmen (Art. 6(1)(b) GDPR)<\/p>\n<\/li>\n<li data-start=\"1915\" data-end=\"1980\">\n<p data-start=\"1917\" data-end=\"1980\">Die Erf\u00fcllung rechtlicher Verpflichtungen (Art. 6(1)(c) GDPR)<\/p>\n<\/li>\n<li data-start=\"1981\" data-end=\"2049\">\n<p data-start=\"1983\" data-end=\"2049\">Das berechtigte Interesse des Inhabers (Art. 6(1)(f) GDPR)<\/p>\n<\/li>\n<\/ul>\n<hr data-start=\"2051\" data-end=\"2054\">\n<h3 data-start=\"2056\" data-end=\"2083\">Behandlungsmethoden<\/h3>\n<p data-start=\"2085\" data-end=\"2369\">Die Daten werden unter Einhaltung der Grunds\u00e4tze der Rechtm\u00e4\u00dfigkeit, Korrektheit, Transparenz, Relevanz und Minimierung mit Hilfe von Computern und\/oder manuell verarbeitet. Es werden geeignete Sicherheitsma\u00dfnahmen ergriffen, um den unbefugten Zugriff, die Offenlegung, \u00c4nderung oder Zerst\u00f6rung von Daten zu verhindern. <\/p>\n<hr data-start=\"2371\" data-end=\"2374\">\n<h3 data-start=\"2376\" data-end=\"2400\">Empf\u00e4nger der Daten<\/h3>\n<p data-start=\"2402\" data-end=\"2438\">Die Daten k\u00f6nnen weitergeleitet werden an:<\/p>\n<ul data-start=\"2440\" data-end=\"2651\">\n<li data-start=\"2440\" data-end=\"2480\">\n<p data-start=\"2442\" data-end=\"2480\">Mitarbeiter und autorisierte Mitarbeiter<\/p>\n<\/li>\n<li data-start=\"2481\" data-end=\"2542\">\n<p data-start=\"2483\" data-end=\"2542\">Anbieter technischer Dienstleistungen (z.B. Hosting, IT-Wartung)<\/p>\n<\/li>\n<li data-start=\"2543\" data-end=\"2575\">\n<p data-start=\"2545\" data-end=\"2575\">Buchhaltung und Steuerberater<\/p>\n<\/li>\n<li data-start=\"2576\" data-end=\"2651\">\n<p data-start=\"2578\" data-end=\"2651\">Justiz- oder Verwaltungsbeh\u00f6rden, in Erf\u00fcllung gesetzlicher Verpflichtungen<\/p>\n<\/li>\n<\/ul>\n<hr data-start=\"2653\" data-end=\"2656\">\n<h3 data-start=\"2658\" data-end=\"2684\">Aufbewahrung von Daten<\/h3>\n<p data-start=\"2686\" data-end=\"2912\">Die Daten werden so lange aufbewahrt, wie es zur Erf\u00fcllung der oben genannten Zwecke erforderlich ist oder wie es das Gesetz vorschreibt. Daten, die f\u00fcr Marketingzwecke zur Verf\u00fcgung gestellt werden, werden bis zum Widerruf der Zustimmung aufbewahrt. <\/p>\n<hr data-start=\"2914\" data-end=\"2917\">\n<h3 data-start=\"2919\" data-end=\"2947\">Rechte der betroffenen Person<\/h3>\n<p data-start=\"2949\" data-end=\"2980\">Die betroffene Person hat das Recht auf:<\/p>\n<ul data-start=\"2982\" data-end=\"3254\">\n<li data-start=\"2982\" data-end=\"3017\">\n<p data-start=\"2984\" data-end=\"3017\">Zugriff auf Ihre pers\u00f6nlichen Daten<\/p>\n<\/li>\n<li data-start=\"3018\" data-end=\"3060\">\n<p data-start=\"3020\" data-end=\"3060\">Berichtigung oder L\u00f6schung beantragen<\/p>\n<\/li>\n<li data-start=\"3061\" data-end=\"3096\">\n<p data-start=\"3063\" data-end=\"3096\">Einschr\u00e4nkung oder Ablehnung der Verarbeitung<\/p>\n<\/li>\n<li data-start=\"3097\" data-end=\"3133\">\n<p data-start=\"3099\" data-end=\"3133\">Beantragung der Daten\u00fcbertragbarkeit<\/p>\n<\/li>\n<li data-start=\"3134\" data-end=\"3177\">\n<p data-start=\"3136\" data-end=\"3177\">Einwilligung jederzeit widerrufen<\/p>\n<\/li>\n<li data-start=\"3178\" data-end=\"3254\">\n<p data-start=\"3180\" data-end=\"3254\">Beschweren Sie sich bei der Datenschutzbeh\u00f6rde<\/p>\n<\/li>\n<\/ul>\n<p data-start=\"3256\" data-end=\"3332\">Anfragen sollten an den Controller gerichtet werden unter [E-Mail einf\u00fcgen].<\/p>\n<hr data-start=\"3334\" data-end=\"3337\">\n<h3 data-start=\"3339\" data-end=\"3374\">Daten\u00fcbermittlung au\u00dferhalb der EU<\/h3>\n<p data-start=\"3376\" data-end=\"3559\">Die Daten werden nicht au\u00dferhalb des Europ\u00e4ischen Wirtschaftsraums \u00fcbertragen. Falls erforderlich, werden angemessene Sicherheitsvorkehrungen gem\u00e4\u00df Artikel 44 ff. der Datenschutzgrundverordnung getroffen. <\/p>\n<hr data-start=\"3561\" data-end=\"3564\">\n<h3 data-start=\"3566\" data-end=\"3576\">Cookies<\/h3>\n<p data-start=\"3578\" data-end=\"3735\">Diese Website verwendet technische Cookies und, vorbehaltlich der Zustimmung, Cookies von Dritten f\u00fcr Analyse- und Marketingzwecke. Siehe [Cookie-Richtlinie] f\u00fcr weitere Informationen. <\/p>\n<hr data-start=\"3737\" data-end=\"3740\">\n<h3 data-start=\"3742\" data-end=\"3781\">\u00c4nderungen an dieser Bekanntmachung<\/h3>\n<p data-start=\"3783\" data-end=\"3966\">Der Eigent\u00fcmer beh\u00e4lt sich das Recht vor, diese Richtlinie jederzeit zu \u00e4ndern. \u00c4nderungen werden auf dieser Seite ver\u00f6ffentlicht und gegebenenfalls den Benutzern mitgeteilt. <\/p>\t\t\t\t\t\t\t\t<\/div>\n\t\t\t\t\t<\/div>\n\t\t\t\t<\/div>\n\t\t\t\t<\/div>\n\t\t","protected":false},"excerpt":{"rendered":"<p>Zuletzt aktualisiert: 15\/07\/2025 Diese Informationen werden gem\u00e4\u00df Artikel 13 der Verordnung (EU) 2016\/679 (GDPR) bereitgestellt und betreffen die Verarbeitung personenbezogener Daten von Nutzern, die die Website besuchen und nutzen www.baralpmottarone.it. Datenkontrolleur Der f\u00fcr die Datenverarbeitung Verantwortliche ist: S4SrlFirmensitz: Via due Riviere 24C, 28011 Armeno (NO) &#8211; ItalienUmsatzsteuer-Identifikationsnummer: 01782530032E-Mail: [Kontakt-E-Mail einf\u00fcgen]Telefon: [Telefonnummer einf\u00fcgen]. Arten von gesammelten [&hellip;]<\/p>\n","protected":false},"author":1,"featured_media":0,"parent":0,"menu_order":0,"comment_status":"closed","ping_status":"closed","template":"","meta":{"footnotes":""},"class_list":["post-1619","page","type-page","status-publish","hentry"],"yoast_head":"<!-- This site is optimized with the Yoast SEO plugin v26.7 - https:\/\/yoast.com\/wordpress\/plugins\/seo\/ -->\n<title>Datenschutzbestimmungen - baralpmottarone.it<\/title>\n<meta name=\"robots\" content=\"index, follow, max-snippet:-1, max-image-preview:large, max-video-preview:-1\" \/>\n<link rel=\"canonical\" href=\"https:\/\/baralpmottarone.it\/de\/privacy-policy\/\" \/>\n<meta property=\"og:locale\" content=\"de_DE\" \/>\n<meta property=\"og:type\" content=\"article\" \/>\n<meta property=\"og:title\" content=\"Datenschutzbestimmungen - baralpmottarone.it\" \/>\n<meta property=\"og:description\" content=\"Zuletzt aktualisiert: 15\/07\/2025 Diese Informationen werden gem\u00e4\u00df Artikel 13 der Verordnung (EU) 2016\/679 (GDPR) bereitgestellt und betreffen die Verarbeitung personenbezogener Daten von Nutzern, die die Website besuchen und nutzen www.baralpmottarone.it. Datenkontrolleur Der f\u00fcr die Datenverarbeitung Verantwortliche ist: S4SrlFirmensitz: Via due Riviere 24C, 28011 Armeno (NO) &#8211; ItalienUmsatzsteuer-Identifikationsnummer: 01782530032E-Mail: [Kontakt-E-Mail einf\u00fcgen]Telefon: [Telefonnummer einf\u00fcgen]. Arten von gesammelten [&hellip;]\" \/>\n<meta property=\"og:url\" content=\"https:\/\/baralpmottarone.it\/de\/privacy-policy\/\" \/>\n<meta property=\"og:site_name\" content=\"baralpmottarone.it\" \/>\n<meta property=\"article:modified_time\" content=\"2025-07-16T06:59:55+00:00\" \/>\n<meta name=\"twitter:card\" content=\"summary_large_image\" \/>\n<meta name=\"twitter:label1\" content=\"Gesch\u00e4tzte Lesezeit\" \/>\n\t<meta name=\"twitter:data1\" content=\"2\u00a0Minuten\" \/>\n<script type=\"application\/ld+json\" class=\"yoast-schema-graph\">{\"@context\":\"https:\/\/schema.org\",\"@graph\":[{\"@type\":\"WebPage\",\"@id\":\"https:\/\/baralpmottarone.it\/de\/privacy-policy\/\",\"url\":\"https:\/\/baralpmottarone.it\/de\/privacy-policy\/\",\"name\":\"Datenschutzbestimmungen - baralpmottarone.it\",\"isPartOf\":{\"@id\":\"https:\/\/baralpmottarone.it\/#website\"},\"datePublished\":\"2025-06-03T14:16:39+00:00\",\"dateModified\":\"2025-07-16T06:59:55+00:00\",\"breadcrumb\":{\"@id\":\"https:\/\/baralpmottarone.it\/de\/privacy-policy\/#breadcrumb\"},\"inLanguage\":\"de\",\"potentialAction\":[{\"@type\":\"ReadAction\",\"target\":[\"https:\/\/baralpmottarone.it\/de\/privacy-policy\/\"]}]},{\"@type\":\"BreadcrumbList\",\"@id\":\"https:\/\/baralpmottarone.it\/de\/privacy-policy\/#breadcrumb\",\"itemListElement\":[{\"@type\":\"ListItem\",\"position\":1,\"name\":\"Home\",\"item\":\"https:\/\/baralpmottarone.it\/\"},{\"@type\":\"ListItem\",\"position\":2,\"name\":\"Datenschutzbestimmungen\"}]},{\"@type\":\"WebSite\",\"@id\":\"https:\/\/baralpmottarone.it\/#website\",\"url\":\"https:\/\/baralpmottarone.it\/\",\"name\":\"baralpmottarone.it\",\"description\":\"Semplice, Rustico, familiare\",\"publisher\":{\"@id\":\"https:\/\/baralpmottarone.it\/#organization\"},\"potentialAction\":[{\"@type\":\"SearchAction\",\"target\":{\"@type\":\"EntryPoint\",\"urlTemplate\":\"https:\/\/baralpmottarone.it\/?s={search_term_string}\"},\"query-input\":{\"@type\":\"PropertyValueSpecification\",\"valueRequired\":true,\"valueName\":\"search_term_string\"}}],\"inLanguage\":\"de\"},{\"@type\":\"Organization\",\"@id\":\"https:\/\/baralpmottarone.it\/#organization\",\"name\":\"baralpmottarone.it\",\"url\":\"https:\/\/baralpmottarone.it\/\",\"logo\":{\"@type\":\"ImageObject\",\"inLanguage\":\"de\",\"@id\":\"https:\/\/baralpmottarone.it\/#\/schema\/logo\/image\/\",\"url\":\"https:\/\/baralpmottarone.it\/wp-content\/uploads\/2025\/06\/Risorsa-1-2.svg\",\"contentUrl\":\"https:\/\/baralpmottarone.it\/wp-content\/uploads\/2025\/06\/Risorsa-1-2.svg\",\"width\":200,\"height\":167,\"caption\":\"baralpmottarone.it\"},\"image\":{\"@id\":\"https:\/\/baralpmottarone.it\/#\/schema\/logo\/image\/\"}}]}<\/script>\n<!-- \/ Yoast SEO plugin. -->","yoast_head_json":{"title":"Datenschutzbestimmungen - baralpmottarone.it","robots":{"index":"index","follow":"follow","max-snippet":"max-snippet:-1","max-image-preview":"max-image-preview:large","max-video-preview":"max-video-preview:-1"},"canonical":"https:\/\/baralpmottarone.it\/de\/privacy-policy\/","og_locale":"de_DE","og_type":"article","og_title":"Datenschutzbestimmungen - baralpmottarone.it","og_description":"Zuletzt aktualisiert: 15\/07\/2025 Diese Informationen werden gem\u00e4\u00df Artikel 13 der Verordnung (EU) 2016\/679 (GDPR) bereitgestellt und betreffen die Verarbeitung personenbezogener Daten von Nutzern, die die Website besuchen und nutzen www.baralpmottarone.it. Datenkontrolleur Der f\u00fcr die Datenverarbeitung Verantwortliche ist: S4SrlFirmensitz: Via due Riviere 24C, 28011 Armeno (NO) &#8211; ItalienUmsatzsteuer-Identifikationsnummer: 01782530032E-Mail: [Kontakt-E-Mail einf\u00fcgen]Telefon: [Telefonnummer einf\u00fcgen]. Arten von gesammelten [&hellip;]","og_url":"https:\/\/baralpmottarone.it\/de\/privacy-policy\/","og_site_name":"baralpmottarone.it","article_modified_time":"2025-07-16T06:59:55+00:00","twitter_card":"summary_large_image","twitter_misc":{"Gesch\u00e4tzte Lesezeit":"2\u00a0Minuten"},"schema":{"@context":"https:\/\/schema.org","@graph":[{"@type":"WebPage","@id":"https:\/\/baralpmottarone.it\/de\/privacy-policy\/","url":"https:\/\/baralpmottarone.it\/de\/privacy-policy\/","name":"Datenschutzbestimmungen - baralpmottarone.it","isPartOf":{"@id":"https:\/\/baralpmottarone.it\/#website"},"datePublished":"2025-06-03T14:16:39+00:00","dateModified":"2025-07-16T06:59:55+00:00","breadcrumb":{"@id":"https:\/\/baralpmottarone.it\/de\/privacy-policy\/#breadcrumb"},"inLanguage":"de","potentialAction":[{"@type":"ReadAction","target":["https:\/\/baralpmottarone.it\/de\/privacy-policy\/"]}]},{"@type":"BreadcrumbList","@id":"https:\/\/baralpmottarone.it\/de\/privacy-policy\/#breadcrumb","itemListElement":[{"@type":"ListItem","position":1,"name":"Home","item":"https:\/\/baralpmottarone.it\/"},{"@type":"ListItem","position":2,"name":"Datenschutzbestimmungen"}]},{"@type":"WebSite","@id":"https:\/\/baralpmottarone.it\/#website","url":"https:\/\/baralpmottarone.it\/","name":"baralpmottarone.it","description":"Semplice, Rustico, familiare","publisher":{"@id":"https:\/\/baralpmottarone.it\/#organization"},"potentialAction":[{"@type":"SearchAction","target":{"@type":"EntryPoint","urlTemplate":"https:\/\/baralpmottarone.it\/?s={search_term_string}"},"query-input":{"@type":"PropertyValueSpecification","valueRequired":true,"valueName":"search_term_string"}}],"inLanguage":"de"},{"@type":"Organization","@id":"https:\/\/baralpmottarone.it\/#organization","name":"baralpmottarone.it","url":"https:\/\/baralpmottarone.it\/","logo":{"@type":"ImageObject","inLanguage":"de","@id":"https:\/\/baralpmottarone.it\/#\/schema\/logo\/image\/","url":"https:\/\/baralpmottarone.it\/wp-content\/uploads\/2025\/06\/Risorsa-1-2.svg","contentUrl":"https:\/\/baralpmottarone.it\/wp-content\/uploads\/2025\/06\/Risorsa-1-2.svg","width":200,"height":167,"caption":"baralpmottarone.it"},"image":{"@id":"https:\/\/baralpmottarone.it\/#\/schema\/logo\/image\/"}}]}},"_links":{"self":[{"href":"https:\/\/baralpmottarone.it\/de\/wp-json\/wp\/v2\/pages\/1619","targetHints":{"allow":["GET"]}}],"collection":[{"href":"https:\/\/baralpmottarone.it\/de\/wp-json\/wp\/v2\/pages"}],"about":[{"href":"https:\/\/baralpmottarone.it\/de\/wp-json\/wp\/v2\/types\/page"}],"author":[{"embeddable":true,"href":"https:\/\/baralpmottarone.it\/de\/wp-json\/wp\/v2\/users\/1"}],"replies":[{"embeddable":true,"href":"https:\/\/baralpmottarone.it\/de\/wp-json\/wp\/v2\/comments?post=1619"}],"version-history":[{"count":2,"href":"https:\/\/baralpmottarone.it\/de\/wp-json\/wp\/v2\/pages\/1619\/revisions"}],"predecessor-version":[{"id":1625,"href":"https:\/\/baralpmottarone.it\/de\/wp-json\/wp\/v2\/pages\/1619\/revisions\/1625"}],"wp:attachment":[{"href":"https:\/\/baralpmottarone.it\/de\/wp-json\/wp\/v2\/media?parent=1619"}],"curies":[{"name":"wp","href":"https:\/\/api.w.org\/{rel}","templated":true}]}}